{"id":501,"date":"2024-04-02T16:15:35","date_gmt":"2024-04-02T16:15:35","guid":{"rendered":"https:\/\/agrovending.bg\/?page_id=501"},"modified":"2024-04-02T16:16:05","modified_gmt":"2024-04-02T16:16:05","slug":"stranichni-hidravlichni-okopni-frezi-sus-sobstvenata-si-hidravlika","status":"publish","type":"page","link":"https:\/\/agrovending.bg\/pl\/stranichni-hidravlichni-okopni-frezi-sus-sobstvenata-si-hidravlika\/","title":{"rendered":"Boczne hydrauliczne frezy walcowo-czo\u0142owe z w\u0142asn\u0105 hydraulik\u0105"},"content":{"rendered":"","protected":false},"excerpt":{"rendered":"","protected":false},"author":1,"featured_media":0,"parent":0,"menu_order":0,"comment_status":"closed","ping_status":"closed","template":"","meta":{"inline_featured_image":false,"footnotes":""},"class_list":["post-501","page","type-page","status-publish","hentry"],"_links":{"self":[{"href":"https:\/\/agrovending.bg\/pl\/wp-json\/wp\/v2\/pages\/501","targetHints":{"allow":["GET"]}}],"collection":[{"href":"https:\/\/agrovending.bg\/pl\/wp-json\/wp\/v2\/pages"}],"about":[{"href":"https:\/\/agrovending.bg\/pl\/wp-json\/wp\/v2\/types\/page"}],"author":[{"embeddable":true,"href":"https:\/\/agrovending.bg\/pl\/wp-json\/wp\/v2\/users\/1"}],"replies":[{"embeddable":true,"href":"https:\/\/agrovending.bg\/pl\/wp-json\/wp\/v2\/comments?post=501"}],"version-history":[{"count":1,"href":"https:\/\/agrovending.bg\/pl\/wp-json\/wp\/v2\/pages\/501\/revisions"}],"predecessor-version":[{"id":502,"href":"https:\/\/agrovending.bg\/pl\/wp-json\/wp\/v2\/pages\/501\/revisions\/502"}],"wp:attachment":[{"href":"https:\/\/agrovending.bg\/pl\/wp-json\/wp\/v2\/media?parent=501"}],"curies":[{"name":"wp","href":"https:\/\/api.w.org\/{rel}","templated":true}]}}