{"id":524,"date":"2024-04-02T20:03:25","date_gmt":"2024-04-02T20:03:25","guid":{"rendered":"https:\/\/agrovending.bg\/?page_id=524"},"modified":"2024-04-02T20:03:35","modified_gmt":"2024-04-02T20:03:35","slug":"balopresa-za-malki-traktori-2","status":"publish","type":"page","link":"https:\/\/agrovending.bg\/pl\/balopresa-za-malki-traktori-2\/","title":{"rendered":"Wywa\u017carka do ma\u0142ych ci\u0105gnik\u00f3w"},"content":{"rendered":"","protected":false},"excerpt":{"rendered":"","protected":false},"author":1,"featured_media":0,"parent":0,"menu_order":0,"comment_status":"closed","ping_status":"closed","template":"","meta":{"inline_featured_image":false,"footnotes":""},"class_list":["post-524","page","type-page","status-publish","hentry"],"_links":{"self":[{"href":"https:\/\/agrovending.bg\/pl\/wp-json\/wp\/v2\/pages\/524","targetHints":{"allow":["GET"]}}],"collection":[{"href":"https:\/\/agrovending.bg\/pl\/wp-json\/wp\/v2\/pages"}],"about":[{"href":"https:\/\/agrovending.bg\/pl\/wp-json\/wp\/v2\/types\/page"}],"author":[{"embeddable":true,"href":"https:\/\/agrovending.bg\/pl\/wp-json\/wp\/v2\/users\/1"}],"replies":[{"embeddable":true,"href":"https:\/\/agrovending.bg\/pl\/wp-json\/wp\/v2\/comments?post=524"}],"version-history":[{"count":1,"href":"https:\/\/agrovending.bg\/pl\/wp-json\/wp\/v2\/pages\/524\/revisions"}],"predecessor-version":[{"id":525,"href":"https:\/\/agrovending.bg\/pl\/wp-json\/wp\/v2\/pages\/524\/revisions\/525"}],"wp:attachment":[{"href":"https:\/\/agrovending.bg\/pl\/wp-json\/wp\/v2\/media?parent=524"}],"curies":[{"name":"wp","href":"https:\/\/api.w.org\/{rel}","templated":true}]}}